{"id":73,"date":"2015-04-30T22:47:03","date_gmt":"2015-04-30T20:47:03","guid":{"rendered":"http:\/\/kolarkojorna.bakstugan.eu\/?page_id=73"},"modified":"2020-01-02T19:37:19","modified_gmt":"2020-01-02T18:37:19","slug":"att-gora","status":"publish","type":"page","link":"http:\/\/kolarkojorna.bakstugan.eu\/?page_id=73","title":{"rendered":"Att g\u00f6ra"},"content":{"rendered":"<p style=\"text-align: center;\"><strong>F\u00f6rslag p\u00e5 aktiviteter.<\/strong><\/p>\n<ul>\n<li style=\"text-align: center;\">Boende kolarkoja. Frukost, lunch eller lunchpaket,middag<\/li>\n<\/ul>\n<p style=\"text-align: center;\">i Bakstugan.<\/p>\n<ul>\n<li style=\"text-align: center;\">Kanotled<\/li>\n<\/ul>\n<ul>\n<li style=\"text-align: center;\">Bes\u00f6k i Tivedens nationalpark<\/li>\n<\/ul>\n<ul>\n<li style=\"text-align: center;\">Fiske<\/li>\n<li style=\"text-align: center;\">Ridled<\/li>\n<li style=\"text-align: center;\">\u00d6vriga sev\u00e4rdheter i Tiveden<\/li>\n<\/ul>\n<ul>\n<li style=\"text-align: center;\">Mat och kaffe:<a href=\"http:\/\/bakstugan.eu\" target=\"_blank\" rel=\"noopener noreferrer\"> www.bakstugan.eu<\/a><\/li>\n<\/ul>\n<ul>\n<li style=\"text-align: center;\">Mer information p\u00e5: \u00a0<a href=\"http:\/\/www.tiveden.se\" target=\"_blank\" rel=\"noopener noreferrer\">www.tiveden.se<\/a><\/li>\n<\/ul>\n","protected":false},"excerpt":{"rendered":"<p>F\u00f6rslag p\u00e5 aktiviteter. Boende kolarkoja. Frukost, lunch eller lunchpaket,middag i Bakstugan. Kanotled Bes\u00f6k i Tivedens nationalpark Fiske Ridled \u00d6vriga sev\u00e4rdheter i Tiveden Mat och kaffe: www.bakstugan.eu Mer information p\u00e5: \u00a0www.tiveden.se<\/p>\n","protected":false},"author":1,"featured_media":0,"parent":0,"menu_order":4,"comment_status":"closed","ping_status":"closed","template":"","meta":{"footnotes":""},"class_list":["post-73","page","type-page","status-publish","hentry"],"_links":{"self":[{"href":"http:\/\/kolarkojorna.bakstugan.eu\/index.php?rest_route=\/wp\/v2\/pages\/73","targetHints":{"allow":["GET"]}}],"collection":[{"href":"http:\/\/kolarkojorna.bakstugan.eu\/index.php?rest_route=\/wp\/v2\/pages"}],"about":[{"href":"http:\/\/kolarkojorna.bakstugan.eu\/index.php?rest_route=\/wp\/v2\/types\/page"}],"author":[{"embeddable":true,"href":"http:\/\/kolarkojorna.bakstugan.eu\/index.php?rest_route=\/wp\/v2\/users\/1"}],"replies":[{"embeddable":true,"href":"http:\/\/kolarkojorna.bakstugan.eu\/index.php?rest_route=%2Fwp%2Fv2%2Fcomments&post=73"}],"version-history":[{"count":9,"href":"http:\/\/kolarkojorna.bakstugan.eu\/index.php?rest_route=\/wp\/v2\/pages\/73\/revisions"}],"predecessor-version":[{"id":178,"href":"http:\/\/kolarkojorna.bakstugan.eu\/index.php?rest_route=\/wp\/v2\/pages\/73\/revisions\/178"}],"wp:attachment":[{"href":"http:\/\/kolarkojorna.bakstugan.eu\/index.php?rest_route=%2Fwp%2Fv2%2Fmedia&parent=73"}],"curies":[{"name":"wp","href":"https:\/\/api.w.org\/{rel}","templated":true}]}}