{"id":2,"date":"2015-04-06T13:32:11","date_gmt":"2015-04-06T11:32:11","guid":{"rendered":"http:\/\/kolarkojorna.bakstugan.eu\/?page_id=2"},"modified":"2021-03-28T10:21:20","modified_gmt":"2021-03-28T08:21:20","slug":"kolarkojor","status":"publish","type":"page","link":"http:\/\/kolarkojorna.bakstugan.eu\/","title":{"rendered":"Kolarkojor"},"content":{"rendered":"<p style=\"text-align: center;\"><a href=\"http:\/\/kolarkojorna.bakstugan.eu\/wp-content\/uploads\/2015\/04\/large.png\"><img loading=\"lazy\" decoding=\"async\" class=\"alignnone wp-image-136\" src=\"http:\/\/kolarkojorna.bakstugan.eu\/wp-content\/uploads\/2015\/04\/large.png\" alt=\"large\" width=\"260\" height=\"55\" \/><\/a><\/p>\n<p style=\"text-align: center;\"><strong><a href=\"http:\/\/kolarkojorna.bakstugan.eu\/wp-content\/uploads\/2015\/04\/Diverse-bilder-20070918-012.jpg\"><img loading=\"lazy\" decoding=\"async\" class=\"alignnone size-medium wp-image-54\" src=\"http:\/\/kolarkojorna.bakstugan.eu\/wp-content\/uploads\/2015\/04\/Diverse-bilder-20070918-012-300x225.jpg\" alt=\"Diverse bilder 20070918 012\" width=\"300\" height=\"225\" srcset=\"http:\/\/kolarkojorna.bakstugan.eu\/wp-content\/uploads\/2015\/04\/Diverse-bilder-20070918-012-300x225.jpg 300w, http:\/\/kolarkojorna.bakstugan.eu\/wp-content\/uploads\/2015\/04\/Diverse-bilder-20070918-012-1024x768.jpg 1024w\" sizes=\"auto, (max-width: 300px) 100vw, 300px\" \/><\/a>\u00a0 \u00a0 \u00a0 \u00a0<\/strong><\/p>\n<p style=\"text-align: center;\"><strong><a href=\"http:\/\/kolarkojorna.bakstugan.eu\/wp-content\/uploads\/2015\/04\/Diverse-bilder-20070918-011.jpg\"><img loading=\"lazy\" decoding=\"async\" class=\"size-medium wp-image-46 alignright\" src=\"http:\/\/kolarkojorna.bakstugan.eu\/wp-content\/uploads\/2015\/04\/Diverse-bilder-20070918-011-300x225.jpg\" alt=\"Diverse bilder 20070918 011\" width=\"300\" height=\"225\" srcset=\"http:\/\/kolarkojorna.bakstugan.eu\/wp-content\/uploads\/2015\/04\/Diverse-bilder-20070918-011-300x225.jpg 300w, http:\/\/kolarkojorna.bakstugan.eu\/wp-content\/uploads\/2015\/04\/Diverse-bilder-20070918-011-1024x768.jpg 1024w\" sizes=\"auto, (max-width: 300px) 100vw, 300px\" \/><\/a><\/strong><\/p>\n<p style=\"text-align: center;\"><strong>\u00d6vernatta i en kolarkoja.<\/strong><\/p>\n<p style=\"text-align: center;\">Uthyrning av kolarkojor f\u00f6r \u00f6vernattning.<\/p>\n<p style=\"text-align: center;\">\n<p style=\"text-align: center;\"><a href=\"http:\/\/kolarkojorna.bakstugan.eu\/wp-content\/uploads\/2015\/04\/Diverse-bilder-20070918-056.jpg\"><img loading=\"lazy\" decoding=\"async\" class=\"alignnone size-medium wp-image-50\" src=\"http:\/\/kolarkojorna.bakstugan.eu\/wp-content\/uploads\/2015\/04\/Diverse-bilder-20070918-056-300x225.jpg\" alt=\"Diverse bilder 20070918 056\" width=\"300\" height=\"225\" srcset=\"http:\/\/kolarkojorna.bakstugan.eu\/wp-content\/uploads\/2015\/04\/Diverse-bilder-20070918-056-300x225.jpg 300w, http:\/\/kolarkojorna.bakstugan.eu\/wp-content\/uploads\/2015\/04\/Diverse-bilder-20070918-056-1024x768.jpg 1024w, http:\/\/kolarkojorna.bakstugan.eu\/wp-content\/uploads\/2015\/04\/Diverse-bilder-20070918-056.jpg 1600w\" sizes=\"auto, (max-width: 300px) 100vw, 300px\" \/><\/a><\/p>\n<p style=\"text-align: center;\"><a href=\"http:\/\/kolarkojorna.bakstugan.eu\/wp-content\/uploads\/2015\/04\/P1010106.jpg\"><img loading=\"lazy\" decoding=\"async\" class=\"alignnone size-medium wp-image-117\" src=\"http:\/\/kolarkojorna.bakstugan.eu\/wp-content\/uploads\/2015\/04\/P1010106-300x225.jpg\" alt=\"p1010106\" width=\"300\" height=\"225\" srcset=\"http:\/\/kolarkojorna.bakstugan.eu\/wp-content\/uploads\/2015\/04\/P1010106-300x225.jpg 300w, http:\/\/kolarkojorna.bakstugan.eu\/wp-content\/uploads\/2015\/04\/P1010106-768x576.jpg 768w, http:\/\/kolarkojorna.bakstugan.eu\/wp-content\/uploads\/2015\/04\/P1010106-1024x768.jpg 1024w, http:\/\/kolarkojorna.bakstugan.eu\/wp-content\/uploads\/2015\/04\/P1010106-1200x900.jpg 1200w\" sizes=\"auto, (max-width: 300px) 100vw, 300px\" \/><\/a><\/p>\n<p style=\"text-align: center;\"><a href=\"http:\/\/kolarkojorna.bakstugan.eu\/wp-content\/uploads\/2015\/04\/Diverse-bilder-20070918-049.jpg\"><img loading=\"lazy\" decoding=\"async\" class=\"alignnone size-medium wp-image-113\" src=\"http:\/\/kolarkojorna.bakstugan.eu\/wp-content\/uploads\/2015\/04\/Diverse-bilder-20070918-049-300x225.jpg\" alt=\"diverse-bilder-20070918-049\" width=\"300\" height=\"225\" srcset=\"http:\/\/kolarkojorna.bakstugan.eu\/wp-content\/uploads\/2015\/04\/Diverse-bilder-20070918-049-300x225.jpg 300w, http:\/\/kolarkojorna.bakstugan.eu\/wp-content\/uploads\/2015\/04\/Diverse-bilder-20070918-049-768x576.jpg 768w, http:\/\/kolarkojorna.bakstugan.eu\/wp-content\/uploads\/2015\/04\/Diverse-bilder-20070918-049-1024x768.jpg 1024w, http:\/\/kolarkojorna.bakstugan.eu\/wp-content\/uploads\/2015\/04\/Diverse-bilder-20070918-049-1200x900.jpg 1200w, http:\/\/kolarkojorna.bakstugan.eu\/wp-content\/uploads\/2015\/04\/Diverse-bilder-20070918-049.jpg 1600w\" sizes=\"auto, (max-width: 300px) 100vw, 300px\" \/><\/a><\/p>\n","protected":false},"excerpt":{"rendered":"<p>\u00a0 \u00a0 \u00a0 \u00a0 \u00d6vernatta i en kolarkoja. Uthyrning av kolarkojor f\u00f6r \u00f6vernattning.<\/p>\n","protected":false},"author":1,"featured_media":0,"parent":0,"menu_order":0,"comment_status":"closed","ping_status":"closed","template":"","meta":{"footnotes":""},"class_list":["post-2","page","type-page","status-publish","hentry"],"_links":{"self":[{"href":"http:\/\/kolarkojorna.bakstugan.eu\/index.php?rest_route=\/wp\/v2\/pages\/2","targetHints":{"allow":["GET"]}}],"collection":[{"href":"http:\/\/kolarkojorna.bakstugan.eu\/index.php?rest_route=\/wp\/v2\/pages"}],"about":[{"href":"http:\/\/kolarkojorna.bakstugan.eu\/index.php?rest_route=\/wp\/v2\/types\/page"}],"author":[{"embeddable":true,"href":"http:\/\/kolarkojorna.bakstugan.eu\/index.php?rest_route=\/wp\/v2\/users\/1"}],"replies":[{"embeddable":true,"href":"http:\/\/kolarkojorna.bakstugan.eu\/index.php?rest_route=%2Fwp%2Fv2%2Fcomments&post=2"}],"version-history":[{"count":22,"href":"http:\/\/kolarkojorna.bakstugan.eu\/index.php?rest_route=\/wp\/v2\/pages\/2\/revisions"}],"predecessor-version":[{"id":225,"href":"http:\/\/kolarkojorna.bakstugan.eu\/index.php?rest_route=\/wp\/v2\/pages\/2\/revisions\/225"}],"wp:attachment":[{"href":"http:\/\/kolarkojorna.bakstugan.eu\/index.php?rest_route=%2Fwp%2Fv2%2Fmedia&parent=2"}],"curies":[{"name":"wp","href":"https:\/\/api.w.org\/{rel}","templated":true}]}}