{"id":143,"date":"2017-03-12T14:14:54","date_gmt":"2017-03-12T13:14:54","guid":{"rendered":"http:\/\/kolarkojorna.bakstugan.eu\/?page_id=143"},"modified":"2021-03-16T09:18:38","modified_gmt":"2021-03-16T08:18:38","slug":"bra-att-veta","status":"publish","type":"page","link":"http:\/\/kolarkojorna.bakstugan.eu\/?page_id=143","title":{"rendered":"Bra att veta"},"content":{"rendered":"\n<h2 class=\"wp-block-heading\"><\/h2>\n\n\n<p style=\"text-align: center;\">Tag med liggunderlag och sovs\u00e4ck eller t\u00e4cke.<\/p>\n<p style=\"text-align: center;\">Ved finns.<\/p>\n<p style=\"text-align: center;\">Hundar f\u00e5r medtagas.<\/p>\n<p style=\"text-align: center;\">Betalning kontant eller swish p\u00e5 plats.<\/p>\n<p style=\"text-align: center;\">Boka genom att ange \u00f6nskad dag och antal personer och skicka epost till <a href=\"mailto:kolarkojorna@bakstugan.eu\">kolarkojorna@bakstugan.eu<\/a><\/p>","protected":false},"excerpt":{"rendered":"<p>Tag med liggunderlag och sovs\u00e4ck eller t\u00e4cke. Ved finns. Hundar f\u00e5r medtagas. Betalning kontant eller swish p\u00e5 plats. Boka genom att ange \u00f6nskad dag och antal personer och skicka epost till kolarkojorna@bakstugan.eu<\/p>\n","protected":false},"author":1,"featured_media":0,"parent":0,"menu_order":0,"comment_status":"closed","ping_status":"closed","template":"","meta":{"footnotes":""},"class_list":["post-143","page","type-page","status-publish","hentry"],"_links":{"self":[{"href":"http:\/\/kolarkojorna.bakstugan.eu\/index.php?rest_route=\/wp\/v2\/pages\/143","targetHints":{"allow":["GET"]}}],"collection":[{"href":"http:\/\/kolarkojorna.bakstugan.eu\/index.php?rest_route=\/wp\/v2\/pages"}],"about":[{"href":"http:\/\/kolarkojorna.bakstugan.eu\/index.php?rest_route=\/wp\/v2\/types\/page"}],"author":[{"embeddable":true,"href":"http:\/\/kolarkojorna.bakstugan.eu\/index.php?rest_route=\/wp\/v2\/users\/1"}],"replies":[{"embeddable":true,"href":"http:\/\/kolarkojorna.bakstugan.eu\/index.php?rest_route=%2Fwp%2Fv2%2Fcomments&post=143"}],"version-history":[{"count":8,"href":"http:\/\/kolarkojorna.bakstugan.eu\/index.php?rest_route=\/wp\/v2\/pages\/143\/revisions"}],"predecessor-version":[{"id":220,"href":"http:\/\/kolarkojorna.bakstugan.eu\/index.php?rest_route=\/wp\/v2\/pages\/143\/revisions\/220"}],"wp:attachment":[{"href":"http:\/\/kolarkojorna.bakstugan.eu\/index.php?rest_route=%2Fwp%2Fv2%2Fmedia&parent=143"}],"curies":[{"name":"wp","href":"https:\/\/api.w.org\/{rel}","templated":true}]}}